{"id":37,"date":"2019-07-14T15:40:44","date_gmt":"2019-07-14T15:40:44","guid":{"rendered":"http:\/\/isfcp.org\/isfcp_autonomous\/?page_id=37"},"modified":"2019-07-22T19:48:51","modified_gmt":"2019-07-22T19:48:51","slug":"advisory-board","status":"publish","type":"page","link":"https:\/\/isfcp.org\/i\/advisory-board\/","title":{"rendered":"Advisory Board"},"content":{"rendered":"\t\t<div data-elementor-type=\"wp-post\" data-elementor-id=\"37\" class=\"elementor elementor-37\">\n\t\t\t\t\t\t<section class=\"elementor-section elementor-top-section elementor-element elementor-element-5a4826e0 elementor-section-boxed elementor-section-height-default elementor-section-height-default\" data-id=\"5a4826e0\" data-element_type=\"section\" data-e-type=\"section\">\n\t\t\t\t\t\t<div class=\"elementor-container elementor-column-gap-default\">\n\t\t\t\t\t<div class=\"elementor-column elementor-col-100 elementor-top-column elementor-element elementor-element-32eaf81c\" data-id=\"32eaf81c\" data-element_type=\"column\" data-e-type=\"column\">\n\t\t\t<div class=\"elementor-widget-wrap elementor-element-populated\">\n\t\t\t\t\t\t<div class=\"elementor-element elementor-element-0055b18 animated-slow elementor-invisible elementor-widget elementor-widget-text-editor\" data-id=\"0055b18\" data-element_type=\"widget\" data-e-type=\"widget\" data-settings=\"{&quot;_animation&quot;:&quot;rollIn&quot;,&quot;_animation_delay&quot;:100}\" data-widget_type=\"text-editor.default\">\n\t\t\t\t<div class=\"elementor-widget-container\">\n\t\t\t\t\t\t\t\t\t<table class=\"table table-bordered table-hover\">\n<tbody>\n<tr>\n<td>\n<p><strong>Prof. B. Suresh<\/strong><\/p>\n<\/td>\n<td>\n<p>Honb&#8217;le Vice Chancellor<br \/>JSS University, Ooty<br \/>President PCI, India<\/p>\n<\/td>\n<\/tr>\n<tr>\n<td>\n<p><strong>Prof. Shailendra K Saraf<\/strong><\/p>\n<\/td>\n<td>\n<p>Professor, Pharmaceutical Sciences<br \/>Ex- Director, University Institute of Pharmacy Pt. Ravishankar Shukla University, Raipur, India<br \/>Vice-President, PCI<\/p>\n<\/td>\n<\/tr>\n<tr>\n<td>\n<p><strong>Prof. M.P.S. Ishar<\/strong><\/p>\n<\/td>\n<td>\n<p>Honb&#8217;le Vice Chancellor<br \/>Maharaja Ranjit Singh Punjab Technical University, Bathinda<\/p>\n<\/td>\n<\/tr>\n<tr>\n<td>\n<p><strong>Prof.(Dr.) C. K. Kokate<\/strong><\/p>\n<\/td>\n<td>\n<p>Honb&#8217;le\u00a0 Vice-Chancellor,<br \/>KLE Deemed University<br \/>J.N. Medical College, Campus, Nehru Nagar, Belagavi-Karnataka\u00a0<\/p>\n<\/td>\n<\/tr>\n<tr>\n<td>\n<p><strong>Prof. P.D. Juyal<\/strong><\/p>\n<\/td>\n<td>\n<p>Honb&#8217;le Vice Chancellor<br \/>Nanaji Deshmukh Veterinary Science University,<\/p>\n<p>Jabalpur (MP)<\/p>\n<\/td>\n<\/tr>\n<tr>\n<td>\n<p><strong>Prof. M.R. Yadav<\/strong><\/p>\n<\/td>\n<td>\n<p>Professor<\/p>\n<p>MS University of Baroda, Vadodara,<\/p>\n<p>Gujarat<\/p>\n<\/td>\n<\/tr>\n<tr>\n<td>\n<p><strong>Dr. Y.K. Gupta<\/strong><\/p>\n<\/td>\n<td>\n<p>Former Dean and Head<br \/>Department of Pharmacology, AIIMS, Delhi<br \/>Director AIIMS, Bhopal<\/p>\n<p>\u00a0<\/p>\n<\/td>\n<\/tr>\n<tr>\n<td>\n<p><strong>Pof. (Dr.) Ramesh Adepu<\/strong><\/p>\n<\/td>\n<td>\n<p>Director<br \/>Department of Pharmacy Practice, Vikas College of Pharmacy<\/p>\n<p>Suryapet, Telangana<\/p>\n<\/td>\n<\/tr>\n<tr>\n<td>\n<p><strong>Prof. Saranjit Singh <\/strong><\/p>\n<\/td>\n<td>\n<p>Professor &amp; Head,<br \/>Pharmaceutical Analysis,<br \/>National Institute Pharmaceutical Education and Research, Mohali, Punjab<\/p>\n<\/td>\n<\/tr>\n<tr>\n<td>\n<p><strong>Prof. K K Bhutani<\/strong><\/p>\n<\/td>\n<td>\n<p>Ex. Officiating Director<br \/>National Institute Pharmaceutical Education and Research, Mohali, Punjab.<\/p>\n<\/td>\n<\/tr>\n<tr>\n<td>\n<p><strong>Prof. S P Vyas<\/strong><\/p>\n<\/td>\n<td>\n<p>Professor, Dept. of Pharmaceutical Sciences,<br \/>Dr H.S. Gour Vishwavidyalaya Sagar<br \/>(Central University)<\/p>\n<\/td>\n<\/tr>\n<tr>\n<td>\n<p><strong>Dr. R. S. Gaud <\/strong><\/p>\n<\/td>\n<td>\n<p>Director &amp; Dean<br \/>SVKM&#8217;s NarseeMonjee Institute of Management Studies,<br \/>Deemed to be University, V. L. Mehta Road, Vile Parle (W), Mumbai \u2013 400 056<\/p>\n<\/td>\n<\/tr>\n<tr>\n<td>\n<p><strong>Dr. Ram A Vishwakarma<\/strong><\/p>\n<\/td>\n<td>\n<p>Director,\u00a0 Indian Institute of\u00a0 Integrative Medicine\u00a0\u00a0 (Council of Scientific &amp; Industrial Research) Jammu 180001<\/p>\n<\/td>\n<\/tr>\n<tr>\n<td>\n<p><strong>Prof. P. K. Garg<\/strong><\/p>\n<\/td>\n<td>\n<p>Honb&#8217;leVice Chancellor,<br \/>Uttarakhand Technical University, Dehradun (Uttarakhand)<\/p>\n<\/td>\n<\/tr>\n<tr>\n<td>\n<p><strong>Prof. O.P. Katare<\/strong><\/p>\n<\/td>\n<td>\n<p>Research Officer , University Institute of Pharmaceutical Sciences, Punjab University,\u00a0 Chandigarh<\/p>\n<\/td>\n<\/tr>\n<tr>\n<td>\n<p><strong>Prof.\u00a0 Bhupinder Singh Bhoop<\/strong><\/p>\n<\/td>\n<td>\n<p>Professor<br \/>University Institute of Pharmaceutical Sciences, Punjab University,\u00a0 Chandigarh<\/p>\n<\/td>\n<\/tr>\n<tr>\n<td>\n<p><strong>Dr. A. S. Nanda<\/strong><\/p>\n<\/td>\n<td>\n<p>Honb&#8217;le\u00a0 Vice-Chancellor,<br \/>Guru Angad Dev Veterinary and\u00a0 Animal Sciences University, Ludhiana<\/p>\n<\/td>\n<\/tr>\n<tr>\n<td>\n<p><strong>Dr. Sanjay Kumar <\/strong><\/p>\n<\/td>\n<td>\n<p>Director,<br \/>CSIR \u2013 Institute of Himalayan Bioresource Technology, Palampur, HP<\/p>\n<\/td>\n<\/tr>\n<tr>\n<td>\n<p><strong>Dr. Parveen Bansal<\/strong><\/p>\n<\/td>\n<td>\n<p>Joint Director, UCER, Baba Farid University and Health Sciences, Faridkot, Punjab.<\/p>\n<\/td>\n<\/tr>\n<tr>\n<td>\n<p><strong>Dr. Parijat Kanaujia<\/strong><\/p>\n<\/td>\n<td>\n<p>Scientist-III, ICES, Singapore<\/p>\n<\/td>\n<\/tr>\n<tr>\n<td>\n<p><strong>Mr. Vijay Kumar<\/strong><\/p>\n<\/td>\n<td>\n<p>Director,<br \/>MSME \u2013DI Ludhiana<\/p>\n<\/td>\n<\/tr>\n<tr>\n<td>\n<p><strong>Dr. Sandeep Kaushal<\/strong><\/p>\n<\/td>\n<td>\n<p>Head Dept. of Pharmacology, DMC Ludhiana<\/p>\n<\/td>\n<\/tr>\n<tr>\n<td>\n<p><strong>Dr. Malti Thapar<\/strong><\/p>\n<\/td>\n<td>\n<p>Chairman, SD Thapar Hospital, Moga<\/p>\n<\/td>\n<\/tr>\n<tr>\n<td>\n<p><strong>Dr. Shyam Sunder Pancholi<\/strong><\/p>\n<\/td>\n<td>\n<p>Professor, College of Pharmacy, Jazan University, Saudi Arabia<\/p>\n<\/td>\n<\/tr>\n<tr>\n<td>\n<p><strong>Prof. T. V. Narayana<\/strong><\/p>\n<\/td>\n<td>\n<p>Chairman-Education Division, Vice President\u00a0<\/p>\n<p>Vikas Institute of Pharmaceutical Sciences<br \/>Nidigatla Village, KorukondaMandal, Near Airport<br \/>Rajahmundry, E.G. Dist, Andhra Pradesh<\/p>\n<\/td>\n<\/tr>\n<tr>\n<td>\n<p><strong>Prof. Pramil Tiwari<\/strong><\/p>\n<\/td>\n<td>\n<p>Head Pharmacy Practice<br \/>National Institute Pharmaceutical Education and Research,<br \/>Sector 67, Mohali \u2013 160062 Punjab.<\/p>\n<\/td>\n<\/tr>\n<tr>\n<td>\n<p><strong>Prof. Mahesh Burande<\/strong><\/p>\n<\/td>\n<td>\n<p>Director,<br \/>Institute of Pharmaceutical Education and Research, Pune, Maharastra<\/p>\n<\/td>\n<\/tr>\n<tr>\n<td>\n<p><strong>Prof. Mahadik Kakasaheb Ramoo<\/strong><\/p>\n<\/td>\n<td>\n<p>Principal and Professor<br \/>Pune College of Pharmacy, Pune, Maharastra.<\/p>\n<\/td>\n<\/tr>\n<tr>\n<td>\n<p><strong>Dr. Madhav Marathe<\/strong><\/p>\n<\/td>\n<td>\n<p>Vice President,<br \/>\u00a0Sun Pharma Vadodara, Gujrat.<\/p>\n<\/td>\n<\/tr>\n<tr>\n<td>\n<p><strong>Prof. R. K. Khar<\/strong><\/p>\n<p>\u00a0<\/p>\n<\/td>\n<td>\n<p>Director,<\/p>\n<p>B. S. Anangpuria Educational Institutes<br \/>Institute of Pharmacy, Far\u012bd\u0101b\u0101d, India<\/p>\n<\/td>\n<\/tr>\n<tr>\n<td>\n<p><strong>Prof. V. K. Kapoor<\/strong><\/p>\n<\/td>\n<td>\n<p>Director, GHG Khalsa College of Pharmacy Gurusar Sadhar, Punjab<\/p>\n<\/td>\n<\/tr>\n<tr>\n<td>\n<p><strong>Dr. M. D. Kharya<\/strong><\/p>\n<\/td>\n<td>\n<p>Retd. Professor and Head, Dept. of Pharmaceutical Sciences,<br \/>Dr H.S. Gour Vishwavidyalaya Sagar<br \/>(Central University)<\/p>\n<\/td>\n<\/tr>\n<tr>\n<td>\n<p><strong>Dr. Pawan Krishan<\/strong><\/p>\n<\/td>\n<td>\n<p>Professor, Department of Pharmaceutical Sciences, Punjabi University, Patiala<\/p>\n<\/td>\n<\/tr>\n<tr>\n<td>\n<p><strong>Dr. D. N. Mishra<\/strong><\/p>\n<\/td>\n<td>\n<p>Professor, Department of Pharmaceutical Sciences, GGU, Hisar<\/p>\n<\/td>\n<\/tr>\n<tr>\n<td>\n<p><strong>Dr. M. C. Gohel<\/strong><\/p>\n<\/td>\n<td>\n<p>Retd. Professor and Principal, L.M. College of Pharmacy, Ahmadabad Gujarat<\/p>\n<\/td>\n<\/tr>\n<tr>\n<td>\n<p><strong>Dr. R. K. Goel<\/strong><\/p>\n<\/td>\n<td>\n<p>Professor, Department of Pharamceutical Sciences &amp; Research, Punjabi University, Patiala<\/p>\n<\/td>\n<\/tr>\n<tr>\n<td>\n<p><strong>Dr. Dhirendra Kaushik<\/strong><\/p>\n<\/td>\n<td>\n<p>HOD, School of Pharmacy, BhanshiLal University, Bhiwani<\/p>\n<\/td>\n<\/tr>\n<tr>\n<td>\n<p><strong>Dr.RaghuramRaoAkkinepally<\/strong><\/p>\n<\/td>\n<td>\n<p>Director, NIPER, SAS Nagar, Punjab<\/p>\n<\/td>\n<\/tr>\n<\/tbody>\n<\/table>\t\t\t\t\t\t\t\t<\/div>\n\t\t\t\t<\/div>\n\t\t\t\t<div class=\"elementor-element elementor-element-48275708 elementor-widget elementor-widget-text-editor\" data-id=\"48275708\" data-element_type=\"widget\" data-e-type=\"widget\" data-widget_type=\"text-editor.default\">\n\t\t\t\t<div class=\"elementor-widget-container\">\n\t\t\t\t\t\t\t\t\t\t\t\t\t\t\t\t\t<\/div>\n\t\t\t\t<\/div>\n\t\t\t\t\t<\/div>\n\t\t<\/div>\n\t\t\t\t\t<\/div>\n\t\t<\/section>\n\t\t\t\t<\/div>\n\t\t","protected":false},"excerpt":{"rendered":"<p>Prof. B. Suresh Honb&#8217;le Vice ChancellorJSS University, OotyPresident PCI, India Prof. Shailendra K Saraf Professor, Pharmaceutical SciencesEx- Director, University Institute of Pharmacy Pt. Ravishankar Shukla University, Raipur, IndiaVice-President, PCI Prof. M.P.S. Ishar Honb&#8217;le Vice ChancellorMaharaja Ranjit Singh Punjab Technical University, Bathinda Prof.(Dr.)&#8230;<\/p>\n","protected":false},"author":1,"featured_media":0,"parent":0,"menu_order":0,"comment_status":"closed","ping_status":"closed","template":"","meta":{"pagelayer_contact_templates":[],"_pagelayer_content":"","footnotes":""},"class_list":["post-37","page","type-page","status-publish","hentry"],"_links":{"self":[{"href":"https:\/\/isfcp.org\/i\/wp-json\/wp\/v2\/pages\/37","targetHints":{"allow":["GET"]}}],"collection":[{"href":"https:\/\/isfcp.org\/i\/wp-json\/wp\/v2\/pages"}],"about":[{"href":"https:\/\/isfcp.org\/i\/wp-json\/wp\/v2\/types\/page"}],"author":[{"embeddable":true,"href":"https:\/\/isfcp.org\/i\/wp-json\/wp\/v2\/users\/1"}],"replies":[{"embeddable":true,"href":"https:\/\/isfcp.org\/i\/wp-json\/wp\/v2\/comments?post=37"}],"version-history":[{"count":2,"href":"https:\/\/isfcp.org\/i\/wp-json\/wp\/v2\/pages\/37\/revisions"}],"predecessor-version":[{"id":394,"href":"https:\/\/isfcp.org\/i\/wp-json\/wp\/v2\/pages\/37\/revisions\/394"}],"wp:attachment":[{"href":"https:\/\/isfcp.org\/i\/wp-json\/wp\/v2\/media?parent=37"}],"curies":[{"name":"wp","href":"https:\/\/api.w.org\/{rel}","templated":true}]}}